{"id":12,"date":"2008-11-17T03:09:36","date_gmt":"2008-11-17T01:09:36","guid":{"rendered":"http:\/\/www.gimnasiochang.com\/?page_id=12"},"modified":"2021-08-31T23:51:50","modified_gmt":"2021-08-31T22:51:50","slug":"taekwondo","status":"publish","type":"page","link":"https:\/\/www.gimnasiochang.com\/index.php\/taekwondo\/","title":{"rendered":"TAEKWONDO"},"content":{"rendered":"\n<h2 class=\"has-text-align-center\">Historia del taekwondo<\/h2>\n\n\n\n<p>El arte marcial del taekwondo tiene su origen en los distintos m\u00e9todos de combate y defensa que se fueron desarrollando desde\u00a0hace ya veinte siglos por los habitantes de la regi\u00f3n que ocupa la actual naci\u00f3n de <strong>Corea<\/strong>.<br><br><\/p>\n\n\n\n<div class=\"wp-block-image\"><figure class=\"aligncenter size-full is-resized\"><img loading=\"lazy\" src=\"https:\/\/www.gimnasiochang.com\/wp-content\/uploads\/2011\/06\/korea.gif_thumb.png\" alt=\"\" class=\"wp-image-311\" width=\"237\" height=\"158\"\/><figcaption><em>Bandera nacional de Korea<\/em><\/figcaption><\/figure><\/div>\n\n\n\n<p>Primero como estilos rudimentarios de lucha, luego como disciplinas marciales, fueron evolucionando y tomando forma al mismo tiempo que la cultura coreana. <br>En tiempos de la dinast\u00eda\u00a0<a rel=\"noreferrer noopener\" href=\"https:\/\/es.wikipedia.org\/wiki\/Silla_(Corea)\" target=\"_blank\">Silla<\/a>\u00a0fundada en el siglo 57 aC y la dinast\u00eda\u00a0<a rel=\"noreferrer noopener\" href=\"https:\/\/es.wikipedia.org\/wiki\/Goguryeo\" target=\"_blank\">Koguryeo<\/a>\u00a0del siglo 37 aC ya se pueden observar restos arqueol\u00f3gicos y menciones de guerreros entrenados que parecen adoptar posiciones marciales.<\/p>\n\n\n\n<p>Disciplinas mas modernos de lucha como el <strong>Subak<\/strong>, el <strong>Tae Kyon<\/strong>\u00a0o el <strong>Tang So Do<\/strong> propios, junto a  influencias de las escuelas de las regiones vecinas, sentaron las bases de lo que ahora conocemos como taekwondo moderno.<\/p>\n\n\n\n<p><\/p>\n\n\n\n<figure class=\"wp-block-gallery aligncenter columns-2 is-cropped\"><ul class=\"blocks-gallery-grid\"><li class=\"blocks-gallery-item\"><figure><img loading=\"lazy\" width=\"220\" height=\"220\" src=\"https:\/\/www.gimnasiochang.com\/wp-content\/uploads\/2008\/11\/images.jpg\" alt=\"\" data-id=\"995\" data-full-url=\"https:\/\/www.gimnasiochang.com\/wp-content\/uploads\/2008\/11\/images.jpg\" data-link=\"https:\/\/www.gimnasiochang.com\/index.php\/taekwondo\/images\/\" class=\"wp-image-995\" srcset=\"https:\/\/www.gimnasiochang.com\/wp-content\/uploads\/2008\/11\/images.jpg 220w, https:\/\/www.gimnasiochang.com\/wp-content\/uploads\/2008\/11\/images-150x150.jpg 150w\" sizes=\"(max-width: 220px) 100vw, 220px\" \/><\/figure><\/li><li class=\"blocks-gallery-item\"><figure><img loading=\"lazy\" width=\"237\" height=\"213\" src=\"https:\/\/www.gimnasiochang.com\/wp-content\/uploads\/2008\/11\/downlddoad.jpg\" alt=\"\" data-id=\"994\" data-full-url=\"https:\/\/www.gimnasiochang.com\/wp-content\/uploads\/2008\/11\/downlddoad.jpg\" data-link=\"https:\/\/www.gimnasiochang.com\/index.php\/taekwondo\/downlddoad\/\" class=\"wp-image-994\"\/><\/figure><\/li><\/ul><\/figure>\n\n\n\n<h2 class=\"has-text-align-center\">Taekwondo deportivo<\/h2>\n\n\n\n<p>Un arte marcial que\u00a0como deporte ha ido evolucionando hasta convertirse en la \u00faltima forma de lucha incluida de manera oficial en el <strong>programa ol\u00edmpico<\/strong> (1994). <br><br>Con un reglamento estricto que garantiza la seguridad de los competidores y que incluye las protecciones obligatorias, el n\u00famero de \u00e1rbitros y las diferentes puntuaciones seg\u00fan la dificultad de las t\u00e9cnicas.<br><br>Adem\u00e1s tambi\u00e9n existen las competiciones de formas o <strong>PUMSES <\/strong>donde prima la concentraci\u00f3n, la perfecci\u00f3n t\u00e9cnica, la fuerza interior del artista marcial y  la belleza de las t\u00e9cnicas.<\/p>\n\n\n\n<h2 class=\"has-text-align-center\">\u00bfQu\u00e9  es el taekwondo?<\/h2>\n\n\n\n<p>Su principal caracter\u00edstica consiste en ser un estilo de combate libre en el que se aprende a utilizar como \u00fanica arma <strong>nuestro cuerpo<\/strong>\u00a0principalmente\u00a0con t\u00e9cnicas de brazos y piernas. Destaca por el dinamismo de sus desplazamientos y de sus golpeos de piernas, con <strong>saltos y combinaciones espectaculares<\/strong>\u00a0y su aplicaci\u00f3n a la autodefensa.<\/p>\n\n\n\n<div class=\"wp-block-image\"><figure class=\"aligncenter\"><a href=\"https:\/\/www.gimnasiochang.com\/wp-content\/uploads\/2008\/11\/IMG_6593b.jpg\"><img loading=\"lazy\" width=\"300\" height=\"200\" src=\"https:\/\/www.gimnasiochang.com\/wp-content\/uploads\/2008\/11\/IMG_6593b-300x200.jpg\" alt=\"IMG_6593b\" class=\"wp-image-673\"\/><\/a><\/figure><\/div>\n\n\n\n<p>Literalmente, Taekwondo significa: <strong>Tae<\/strong>&nbsp;t\u00e9cnicas de patadas, <strong>kwon<\/strong>&nbsp;t\u00e9cnicas de pu\u00f1o y <strong>Do<\/strong>, el camino espiritual que debe recorrer todo artista marcial en todos los aspectos de su vida, marcado en su desarrollo por la evoluci\u00f3n en grados o cinturones.<\/p>\n\n\n\n<h2 class=\"has-text-align-center\">Kukkiwon<\/h2>\n\n\n\n<div class=\"wp-block-group\"><div class=\"wp-block-group__inner-container\">\n<div class=\"wp-block-image\"><figure class=\"aligncenter size-full\"><img loading=\"lazy\" width=\"225\" height=\"225\" src=\"https:\/\/www.gimnasiochang.com\/wp-content\/uploads\/2008\/11\/download.jpg\" alt=\"\" class=\"wp-image-993\" srcset=\"https:\/\/www.gimnasiochang.com\/wp-content\/uploads\/2008\/11\/download.jpg 225w, https:\/\/www.gimnasiochang.com\/wp-content\/uploads\/2008\/11\/download-150x150.jpg 150w\" sizes=\"(max-width: 225px) 100vw, 225px\" \/><\/figure><\/div>\n<\/div><\/div>\n\n\n\n<p>En 1972 se funda en Corea la <strong><a rel=\"noopener\" href=\"http:\/\/www.kukkiwon.or.kr\" target=\"_blank\">Kukkiwon<\/a><\/strong>&nbsp;como centro de referencia y conservaci\u00f3n del taekwondo mundial y actualmente junto a la <strong><a rel=\"noopener\" href=\"http:\/\/www.worldtaekwondo.org\/\" target=\"_blank\">Federaci\u00f3n Mundial<\/a><\/strong>&nbsp;son los dos organimos encargados de controlar y regular el desarrollando del arte marcial y al mismo tiempo de velar por conservar&nbsp;su esencia.<\/p>\n\n\n\n<p><em>Kukkiwon as the World Taekwondo Headquarters has vitalized Taekwondo in the form of the leading martial art by globalizing it since its foundation 1972.<\/em><\/p>\n\n\n\n<p><em>It laid the groundwork for Taekwondo\u2019s globalization by holding the 1st World Taekwondo Championships and establishing the World Taekwondo Federation(WT) in 1973.<\/em><\/p>\n\n\n\n<p><em>In 1978, Kukkiwon finally succeeded to unify Taekwondo by integrating 10 separate Taekwondo Kwans; Chung Do Kwan, Moo Duk Kwan, Jido Kwan, Song Moo Kwan, Chang Moo Kwan, Kang Duk Won, Jung Do Kwan, Oh Do Kwan, Han Moo Kwan and Kwan li Kwan. Kukkiwon continued to cultivate the Taekwondo spirit and skills after establishing WT and the 1st World Taekwondo Championships. (extracto de la web oficial de la Kukkiwon)<\/em><\/p>\n\n\n\n<figure class=\"wp-block-image size-full\"><img loading=\"lazy\" width=\"679\" height=\"441\" src=\"https:\/\/www.gimnasiochang.com\/wp-content\/uploads\/2018\/07\/wpid-15325362967782003181201.jpg\" alt=\"\" class=\"wp-image-862\" srcset=\"https:\/\/www.gimnasiochang.com\/wp-content\/uploads\/2018\/07\/wpid-15325362967782003181201.jpg 679w, https:\/\/www.gimnasiochang.com\/wp-content\/uploads\/2018\/07\/wpid-15325362967782003181201-300x195.jpg 300w, https:\/\/www.gimnasiochang.com\/wp-content\/uploads\/2018\/07\/wpid-15325362967782003181201-624x405.jpg 624w\" sizes=\"(max-width: 679px) 100vw, 679px\" \/><\/figure>\n\n\n\n<hr class=\"wp-block-separator\"\/>\n\n\n\n<p class=\"has-text-align-center\"><strong>Corea<\/strong><\/p>\n\n\n\n<p>Corea del Sur ocupa la porci\u00f3n meridional de la pen\u00ednsula de Corea, situada al este de China, entre los mares del Jap\u00f3n y Amarillo.<\/p>\n\n\n\n<div class=\"wp-block-image\"><figure class=\"alignright\"><img loading=\"lazy\" width=\"126\" height=\"186\" src=\"https:\/\/www.gimnasiochang.com\/wp-content\/uploads\/2008\/11\/foto0702.gif\" alt=\"\" class=\"wp-image-31\" title=\"foto0702\"\/><\/figure><\/div>\n\n\n\n<p>Su relieve es m\u00e1s suave que el de Corea del Norte y las superficies cultivables (en gran parte dedicadas a la producci\u00f3n de arroz) son m\u00e1s extensas.<\/p>\n\n\n\n<p>Corea es una de las civilizaciones m\u00e1s antiguas del mundo, tremendamente rica en su cultura y sus tradiciones. Y con un pasado convulsionado por los conflictos b\u00e9licos&nbsp; a lo largo de toda su historia, que han desembocado en su estado de fragmentaci\u00f3n actual.<\/p>\n\n\n\n<p>M\u00e1s sobre <a href=\"http:\/\/es.wikipedia.org\/wiki\/Rep\u00fablica_de_Corea\" target=\"_blank\" rel=\"noopener\">Corea del Sur<\/a> y el <a href=\"http:\/\/es.wikipedia.org\/wiki\/Taekwondo\" target=\"_blank\" rel=\"noopener\">Taekwondo<\/a> en la wikipedia.<\/p>\n\n\n\n<p>Poblaci\u00f3n:<br>44.453.000 (1994)<br>Superficie:<br>99.020 km2<br>Capital : Seul<br>Moneda: won<br>Idioma : coreano<\/p>\n","protected":false},"excerpt":{"rendered":"<p>Historia del taekwondo El arte marcial del taekwondo tiene su origen en los distintos m\u00e9todos de combate y defensa que se fueron desarrollando desde\u00a0hace ya veinte siglos por los habitantes de la regi\u00f3n que ocupa la actual naci\u00f3n de Corea. Primero como estilos rudimentarios de lucha, luego como disciplinas marciales, fueron evolucionando y tomando forma [&hellip;]<\/p>\n","protected":false},"author":1,"featured_media":0,"parent":0,"menu_order":0,"comment_status":"open","ping_status":"open","template":"","meta":[],"_links":{"self":[{"href":"https:\/\/www.gimnasiochang.com\/index.php\/wp-json\/wp\/v2\/pages\/12"}],"collection":[{"href":"https:\/\/www.gimnasiochang.com\/index.php\/wp-json\/wp\/v2\/pages"}],"about":[{"href":"https:\/\/www.gimnasiochang.com\/index.php\/wp-json\/wp\/v2\/types\/page"}],"author":[{"embeddable":true,"href":"https:\/\/www.gimnasiochang.com\/index.php\/wp-json\/wp\/v2\/users\/1"}],"replies":[{"embeddable":true,"href":"https:\/\/www.gimnasiochang.com\/index.php\/wp-json\/wp\/v2\/comments?post=12"}],"version-history":[{"count":26,"href":"https:\/\/www.gimnasiochang.com\/index.php\/wp-json\/wp\/v2\/pages\/12\/revisions"}],"predecessor-version":[{"id":1234,"href":"https:\/\/www.gimnasiochang.com\/index.php\/wp-json\/wp\/v2\/pages\/12\/revisions\/1234"}],"wp:attachment":[{"href":"https:\/\/www.gimnasiochang.com\/index.php\/wp-json\/wp\/v2\/media?parent=12"}],"curies":[{"name":"wp","href":"https:\/\/api.w.org\/{rel}","templated":true}]}}