{"id":5,"date":"2008-11-16T23:07:43","date_gmt":"2008-11-16T21:07:43","guid":{"rendered":"http:\/\/www.gimnasiochang.com\/?page_id=5"},"modified":"2025-11-27T16:39:13","modified_gmt":"2025-11-27T15:39:13","slug":"about","status":"publish","type":"page","link":"https:\/\/www.gimnasiochang.com\/index.php\/about\/","title":{"rendered":"EL CLUB"},"content":{"rendered":"\n<p class=\"has-text-align-left\">El <strong>Gimnasio Chang<\/strong> se dedica a la pr\u00e1ctica y el perfeccionamiento del <strong>taekwondo<\/strong> en <strong>Valencia<\/strong> ininterrumpidamente <strong>desde 1978<\/strong>.  A\u00f1o en que abri\u00f3 sus puertas en la calle Mat\u00edas Perell\u00f3 del emblem\u00e1tico barrio de <strong>Ruzafa<\/strong>.<\/p>\n\n\n\n<figure class=\"wp-block-gallery columns-1 is-cropped\"><ul class=\"blocks-gallery-grid\"><li class=\"blocks-gallery-item\"><figure><img loading=\"lazy\" width=\"1024\" height=\"546\" src=\"https:\/\/www.gimnasiochang.com\/wp-content\/uploads\/2021\/09\/WhatsApp-Image-2021-09-01-at-09.08.17-1024x546.jpeg\" alt=\"\" data-id=\"1237\" data-full-url=\"https:\/\/www.gimnasiochang.com\/wp-content\/uploads\/2021\/09\/WhatsApp-Image-2021-09-01-at-09.08.17.jpeg\" data-link=\"https:\/\/www.gimnasiochang.com\/index.php\/about\/whatsapp-image-2021-09-01-at-09-08-17\/\" class=\"wp-image-1237\" srcset=\"https:\/\/www.gimnasiochang.com\/wp-content\/uploads\/2021\/09\/WhatsApp-Image-2021-09-01-at-09.08.17-1024x546.jpeg 1024w, https:\/\/www.gimnasiochang.com\/wp-content\/uploads\/2021\/09\/WhatsApp-Image-2021-09-01-at-09.08.17-300x160.jpeg 300w, https:\/\/www.gimnasiochang.com\/wp-content\/uploads\/2021\/09\/WhatsApp-Image-2021-09-01-at-09.08.17-768x409.jpeg 768w, https:\/\/www.gimnasiochang.com\/wp-content\/uploads\/2021\/09\/WhatsApp-Image-2021-09-01-at-09.08.17-624x333.jpeg 624w, https:\/\/www.gimnasiochang.com\/wp-content\/uploads\/2021\/09\/WhatsApp-Image-2021-09-01-at-09.08.17.jpeg 1289w\" sizes=\"(max-width: 1024px) 100vw, 1024px\" \/><\/figure><\/li><\/ul><\/figure>\n\n\n\n<p>Con una<strong> larga tradici\u00f3n marcial <\/strong>y cientos de alumnos que avalan la calidad de esta escuela es una de las \u00faltimas en Valencia dedicada exclusivamente a este <strong>arte marcial coreano<\/strong>. A d\u00eda de hoy el Gimnasio Chang contin\u00faa siendo referente para el <strong>taekwondo nacional<\/strong>.<\/p>\n\n\n\n<h1 class=\"has-text-align-center\">MAESTRO<\/h1>\n\n\n\n<h3 class=\"has-text-align-center\"><strong><a href=\"https:\/\/www.gimnasiochang.com\/index.php\/maestros\/\" data-type=\"URL\" data-id=\"https:\/\/www.gimnasiochang.com\/index.php\/maestros\/\">Salvador Hyonseob Chang Carb\u00f3<\/a><\/strong> (Director)<\/h3>\n\n\n\n<div class=\"wp-block-cover aligncenter has-background-dim-80 has-background-dim\" style=\"min-height:85px\"><img loading=\"lazy\" width=\"967\" height=\"960\" class=\"wp-block-cover__image-background wp-image-609\" alt=\"\" src=\"https:\/\/www.gimnasiochang.com\/wp-content\/uploads\/2016\/06\/escudoold00.bmp\" style=\"object-position:62% 29%\" data-object-fit=\"cover\" data-object-position=\"62% 29%\"\/><div class=\"wp-block-cover__inner-container\">\n<p><\/p>\n<\/div><\/div>\n\n\n\n<h1 class=\"has-text-align-center\">DIRECCI\u00d3N Y CONTACTO<\/h1>\n\n\n\n<p class=\"has-text-align-center\"><strong>c\/ Mat\u00edas Perell\u00f3 43 Bajo. 46005. Valencia<\/strong><br>email: <strong>gimnasiochang@gmail.com<\/strong><br>tel\u00e9fono:<strong> (+34)616441356<\/strong><\/p>\n\n\n\n<figure class=\"wp-block-image size-large is-resized\"><a href=\"http:\/\/maps.google.es\/maps?f=q&amp;hl=es&amp;geocode=&amp;q=c%2Fmatias+perello+43,+valencia&amp;sll=40.396764,-3.713379&amp;sspn=8.498616,18.918457&amp;ie=UTF8&amp;ll=39.463002,-0.36624&amp;spn=0.008416,0.018475&amp;z=16&amp;g=c%2Fmatias+perello+43,+valencia&amp;iwloc=r0\" target=\"_blank\" rel=\"noopener\"><img loading=\"lazy\" src=\"https:\/\/www.gimnasiochang.com\/wp-content\/uploads\/2021\/08\/WhatsApp-Image-2021-08-31-at-23.44.04-1024x364.jpeg\" alt=\"\" class=\"wp-image-1214\" width=\"655\" height=\"232\" srcset=\"https:\/\/www.gimnasiochang.com\/wp-content\/uploads\/2021\/08\/WhatsApp-Image-2021-08-31-at-23.44.04-1024x364.jpeg 1024w, https:\/\/www.gimnasiochang.com\/wp-content\/uploads\/2021\/08\/WhatsApp-Image-2021-08-31-at-23.44.04-300x107.jpeg 300w, https:\/\/www.gimnasiochang.com\/wp-content\/uploads\/2021\/08\/WhatsApp-Image-2021-08-31-at-23.44.04-768x273.jpeg 768w, https:\/\/www.gimnasiochang.com\/wp-content\/uploads\/2021\/08\/WhatsApp-Image-2021-08-31-at-23.44.04-624x222.jpeg 624w, https:\/\/www.gimnasiochang.com\/wp-content\/uploads\/2021\/08\/WhatsApp-Image-2021-08-31-at-23.44.04.jpeg 1298w\" sizes=\"(max-width: 655px) 100vw, 655px\" \/><\/a><figcaption>Mapa<\/figcaption><\/figure>\n\n\n\n<h1 class=\"has-text-align-center\">HORARIOS<\/h1>\n\n\n\n<p>Lunes, mi\u00e9rcoles y viernes realizaremos clases regladas de taekwondo WTF de 18:30  a 20h.<\/p>\n\n\n\n<p>Martes y jueves se reservan para clases privadas (recuperaci\u00f3n de lesiones, entrenamientos personales, entrenamientos espec\u00edficos) y grupos de competici\u00f3n.<\/p>\n\n\n\n<h2 class=\"has-text-align-center\">NORMATIVA DEL CLUB<\/h2>\n\n\n\n<p>Todos los entrenamientos de arte marcial se realizar\u00e1n descalzos, con uniforme completo de Taekwondo reglamentario (Dobok) y cintur\u00f3n.<\/p>\n\n\n\n<p>La participaci\u00f3n en las clases ser\u00e1 exclusiva para los alumnos matriculados del club, no se permiten clases de prueba<\/p>\n\n\n\n<p>El respeto al club, al maestro y los compa\u00f1eros primar\u00e1 por encima de todo<\/p>\n\n\n\n<figure class=\"wp-block-gallery columns-3 is-cropped\"><ul class=\"blocks-gallery-grid\"><li class=\"blocks-gallery-item\"><figure><img loading=\"lazy\" width=\"222\" height=\"400\" src=\"https:\/\/www.gimnasiochang.com\/wp-content\/uploads\/2008\/12\/vestuario01.jpg\" alt=\"\" data-id=\"74\" data-full-url=\"https:\/\/www.gimnasiochang.com\/wp-content\/uploads\/2008\/12\/vestuario01.jpg\" data-link=\"https:\/\/www.gimnasiochang.com\/index.php\/about\/vestuario01\/\" class=\"wp-image-74\" srcset=\"https:\/\/www.gimnasiochang.com\/wp-content\/uploads\/2008\/12\/vestuario01.jpg 222w, https:\/\/www.gimnasiochang.com\/wp-content\/uploads\/2008\/12\/vestuario01-166x300.jpg 166w\" sizes=\"(max-width: 222px) 100vw, 222px\" \/><\/figure><\/li><li class=\"blocks-gallery-item\"><figure><img loading=\"lazy\" width=\"400\" height=\"267\" src=\"https:\/\/www.gimnasiochang.com\/wp-content\/uploads\/2008\/12\/tapiz001.jpg\" alt=\"\" data-id=\"73\" data-full-url=\"https:\/\/www.gimnasiochang.com\/wp-content\/uploads\/2008\/12\/tapiz001.jpg\" data-link=\"https:\/\/www.gimnasiochang.com\/index.php\/about\/tapiz001\/\" class=\"wp-image-73\" srcset=\"https:\/\/www.gimnasiochang.com\/wp-content\/uploads\/2008\/12\/tapiz001.jpg 400w, https:\/\/www.gimnasiochang.com\/wp-content\/uploads\/2008\/12\/tapiz001-300x200.jpg 300w\" sizes=\"(max-width: 400px) 100vw, 400px\" \/><\/figure><\/li><li class=\"blocks-gallery-item\"><figure><img loading=\"lazy\" width=\"700\" height=\"525\" src=\"https:\/\/www.gimnasiochang.com\/wp-content\/uploads\/2016\/06\/IMG_20160613_2117522b.jpg\" alt=\"\" data-id=\"610\" data-full-url=\"https:\/\/www.gimnasiochang.com\/wp-content\/uploads\/2016\/06\/IMG_20160613_2117522b.jpg\" data-link=\"https:\/\/www.gimnasiochang.com\/index.php\/2016\/06\/18\/como-en-los-viejos-tiempos\/img_20160613_2117522b\/\" class=\"wp-image-610\" srcset=\"https:\/\/www.gimnasiochang.com\/wp-content\/uploads\/2016\/06\/IMG_20160613_2117522b.jpg 700w, https:\/\/www.gimnasiochang.com\/wp-content\/uploads\/2016\/06\/IMG_20160613_2117522b-300x225.jpg 300w, https:\/\/www.gimnasiochang.com\/wp-content\/uploads\/2016\/06\/IMG_20160613_2117522b-624x468.jpg 624w\" sizes=\"(max-width: 700px) 100vw, 700px\" \/><\/figure><\/li><li class=\"blocks-gallery-item\"><figure><img loading=\"lazy\" width=\"350\" height=\"313\" src=\"https:\/\/www.gimnasiochang.com\/wp-content\/uploads\/2016\/03\/logooldborroso.jpg\" alt=\"\" data-id=\"532\" data-full-url=\"https:\/\/www.gimnasiochang.com\/wp-content\/uploads\/2016\/03\/logooldborroso.jpg\" data-link=\"https:\/\/www.gimnasiochang.com\/index.php\/2016\/12\/24\/descanso-navideno-y-feliz-2017\/logooldborroso\/\" class=\"wp-image-532\" srcset=\"https:\/\/www.gimnasiochang.com\/wp-content\/uploads\/2016\/03\/logooldborroso.jpg 350w, https:\/\/www.gimnasiochang.com\/wp-content\/uploads\/2016\/03\/logooldborroso-300x268.jpg 300w\" sizes=\"(max-width: 350px) 100vw, 350px\" \/><\/figure><\/li><li class=\"blocks-gallery-item\"><figure><img loading=\"lazy\" width=\"350\" height=\"313\" src=\"https:\/\/www.gimnasiochang.com\/wp-content\/uploads\/2016\/03\/logooldborrosoinvert.jpg\" alt=\"\" data-id=\"533\" data-full-url=\"https:\/\/www.gimnasiochang.com\/wp-content\/uploads\/2016\/03\/logooldborrosoinvert.jpg\" data-link=\"https:\/\/www.gimnasiochang.com\/index.php\/2016\/12\/24\/descanso-navideno-y-feliz-2017\/logooldborrosoinvert\/\" class=\"wp-image-533\" srcset=\"https:\/\/www.gimnasiochang.com\/wp-content\/uploads\/2016\/03\/logooldborrosoinvert.jpg 350w, https:\/\/www.gimnasiochang.com\/wp-content\/uploads\/2016\/03\/logooldborrosoinvert-300x268.jpg 300w\" sizes=\"(max-width: 350px) 100vw, 350px\" \/><\/figure><\/li><li class=\"blocks-gallery-item\"><figure><img loading=\"lazy\" width=\"760\" height=\"570\" src=\"https:\/\/www.gimnasiochang.com\/wp-content\/uploads\/2008\/11\/logo2.png\" alt=\"\" data-id=\"19\" data-full-url=\"https:\/\/www.gimnasiochang.com\/wp-content\/uploads\/2008\/11\/logo2.png\" data-link=\"https:\/\/www.gimnasiochang.com\/index.php\/2012\/10\/15\/gimnasio-chang-taekwondo\/logo2-2\/\" class=\"wp-image-19\" srcset=\"https:\/\/www.gimnasiochang.com\/wp-content\/uploads\/2008\/11\/logo2.png 760w, https:\/\/www.gimnasiochang.com\/wp-content\/uploads\/2008\/11\/logo2-300x225.png 300w\" sizes=\"(max-width: 760px) 100vw, 760px\" \/><\/figure><\/li><li class=\"blocks-gallery-item\"><figure><img loading=\"lazy\" width=\"1024\" height=\"379\" src=\"https:\/\/www.gimnasiochang.com\/wp-content\/uploads\/2016\/05\/d5493ca5-ab38-482a-a1b4-cc0b8baf7335-1024x379.jpg\" alt=\"\" data-id=\"546\" data-full-url=\"https:\/\/www.gimnasiochang.com\/wp-content\/uploads\/2016\/05\/d5493ca5-ab38-482a-a1b4-cc0b8baf7335.jpg\" data-link=\"https:\/\/www.gimnasiochang.com\/index.php\/2016\/05\/12\/las-tardes-del-gimnasio-chang\/d5493ca5-ab38-482a-a1b4-cc0b8baf7335\/\" class=\"wp-image-546\" srcset=\"https:\/\/www.gimnasiochang.com\/wp-content\/uploads\/2016\/05\/d5493ca5-ab38-482a-a1b4-cc0b8baf7335-1024x379.jpg 1024w, https:\/\/www.gimnasiochang.com\/wp-content\/uploads\/2016\/05\/d5493ca5-ab38-482a-a1b4-cc0b8baf7335-300x111.jpg 300w, https:\/\/www.gimnasiochang.com\/wp-content\/uploads\/2016\/05\/d5493ca5-ab38-482a-a1b4-cc0b8baf7335-624x231.jpg 624w, https:\/\/www.gimnasiochang.com\/wp-content\/uploads\/2016\/05\/d5493ca5-ab38-482a-a1b4-cc0b8baf7335.jpg 2048w\" sizes=\"(max-width: 1024px) 100vw, 1024px\" \/><\/figure><\/li><\/ul><\/figure>\n\n\n\n<div class=\"wp-block-group\"><div class=\"wp-block-group__inner-container\"><\/div><\/div>\n","protected":false},"excerpt":{"rendered":"<p>El Gimnasio Chang se dedica a la pr\u00e1ctica y el perfeccionamiento del taekwondo en Valencia ininterrumpidamente desde 1978. A\u00f1o en que abri\u00f3 sus puertas en la calle Mat\u00edas Perell\u00f3 del emblem\u00e1tico barrio de Ruzafa. Con una larga tradici\u00f3n marcial y cientos de alumnos que avalan la calidad de esta escuela es una de las \u00faltimas [&hellip;]<\/p>\n","protected":false},"author":1,"featured_media":0,"parent":0,"menu_order":0,"comment_status":"open","ping_status":"open","template":"","meta":[],"_links":{"self":[{"href":"https:\/\/www.gimnasiochang.com\/index.php\/wp-json\/wp\/v2\/pages\/5"}],"collection":[{"href":"https:\/\/www.gimnasiochang.com\/index.php\/wp-json\/wp\/v2\/pages"}],"about":[{"href":"https:\/\/www.gimnasiochang.com\/index.php\/wp-json\/wp\/v2\/types\/page"}],"author":[{"embeddable":true,"href":"https:\/\/www.gimnasiochang.com\/index.php\/wp-json\/wp\/v2\/users\/1"}],"replies":[{"embeddable":true,"href":"https:\/\/www.gimnasiochang.com\/index.php\/wp-json\/wp\/v2\/comments?post=5"}],"version-history":[{"count":63,"href":"https:\/\/www.gimnasiochang.com\/index.php\/wp-json\/wp\/v2\/pages\/5\/revisions"}],"predecessor-version":[{"id":1384,"href":"https:\/\/www.gimnasiochang.com\/index.php\/wp-json\/wp\/v2\/pages\/5\/revisions\/1384"}],"wp:attachment":[{"href":"https:\/\/www.gimnasiochang.com\/index.php\/wp-json\/wp\/v2\/media?parent=5"}],"curies":[{"name":"wp","href":"https:\/\/api.w.org\/{rel}","templated":true}]}}